{"id":227,"date":"2023-07-23T20:52:24","date_gmt":"2023-07-23T20:52:24","guid":{"rendered":"https:\/\/igot.city\/?post_type=product&#038;p=227"},"modified":"2024-05-04T16:29:28","modified_gmt":"2024-05-04T16:29:28","slug":"computer-tech-services","status":"publish","type":"product","link":"https:\/\/igot.city\/index.php\/product\/computer-tech-services\/","title":{"rendered":"Computer Tech Services"},"content":{"rendered":"","protected":false},"excerpt":{"rendered":"<p><b>Servicios de hardware:<\/b> Reparar o reemplazar componentes de computadora da\u00f1ados o defectuosos.<br \/>\n<b>Servicios de software:<\/b> Solucionar problemas con programas, sistemas operativos o controladores de software.<br \/>\n<b>Eliminaci\u00f3n de virus:<\/b> Eliminar virus sin poner en riesgo los datos importantes.<br \/>\n<b>Reparaci\u00f3n de accesorios:<\/b> Reparar accesorios de computadora da\u00f1ados, como esc\u00e1neres e impresoras.<br \/>\n<b>Recuperaci\u00f3n y copia de seguridad de datos:<\/b> Recuperar datos perdidos o eliminados de la unidad de disco duro de una computadora u otros dispositivos de almacenamiento.<br \/>\n<b>Reparaci\u00f3n y soluci\u00f3n de problemas de redes inform\u00e1ticas:<\/b> Instalar y solucionar problemas de redes, proporcionar capacitaci\u00f3n en redes y corregir problemas relacionados con la red.<br \/>\n<b>Servicios de mantenimiento y actualizaci\u00f3n de computadoras:<\/b> Limpiar los componentes de hardware de la computadora, optimizar su rendimiento, actualizar el hardware o el software y realizar inspecciones generales.<br \/>\n<b>Personalizaci\u00f3n de computadoras:<\/b> Construir una computadora personalizada con caracter\u00edsticas espec\u00edficas seg\u00fan sus necesidades.<br \/>\n<b>Soporte remoto de IT:<\/b> Brindar servicios de reparaci\u00f3n y mantenimiento de computadoras a trav\u00e9s de Internet.<br \/>\nTutor\u00edas\/capacitaci\u00f3n: Brindar asesoramiento y orientaci\u00f3n sobre problemas relacionados con la computadora, as\u00ed como capacitaci\u00f3n sobre c\u00f3mo usar programas de software y dispositivos de hardware.<\/p>\n<p>Estos son los servicios de reparaci\u00f3n de computadoras m\u00e1s comunes que ofrece iGot Tech Services.<\/p>\n<p><b>Hardware services:<\/b> fix or replace damaged or faulty computer components.<br \/>\n<b>Software services:<\/b> fix issues with software programs, operating systems, or drivers.<br \/>\n<b>Virus removal:<\/b> remove viruses without risking important data.<br \/>\n<b>Accessories repair:<\/b> fix damaged computer accessories like scanners and printers.<br \/>\n<b>Data recovery and backup:<\/b> retrieve lost or deleted data from a computer&#8217;s hard drive or other storage devices.<br \/>\n<b>Computer networking and troubleshooting:<\/b> set up and troubleshoot networks, provide networking training, and fix network-related problems.<br \/>\n<b>Computer maintenance and upgrade services:<\/b> clean the computer&#8217;s hardware components, optimize its performance, upgrade hardware or software, and perform general inspections.<br \/>\n<b>Computer customization:<\/b> build a customized computer with specific features according to your needs.<br \/>\n<b>Remote IT support:<\/b> provide computer repair and maintenance services over the internet.<br \/>\n<b>Tutoring\/training:<\/b> provide advice and guidance on computer-related issues, as well as training on how to use software programs and hardware devices.<\/p>\n<p>These are the most common computer repair services offered by iGot Tech Services.<\/p>\n","protected":false},"featured_media":228,"comment_status":"open","ping_status":"closed","template":"","meta":{"site-sidebar-layout":"default","site-content-layout":"default","ast-site-content-layout":"default","site-content-style":"default","site-sidebar-style":"default","ast-global-header-display":"","ast-banner-title-visibility":"","ast-main-header-display":"","ast-hfb-above-header-display":"","ast-hfb-below-header-display":"","ast-hfb-mobile-header-display":"","site-post-title":"","ast-breadcrumbs-content":"","ast-featured-img":"","footer-sml-layout":"","ast-disable-related-posts":"","theme-transparent-header-meta":"default","adv-header-id-meta":"","stick-header-meta":"","header-above-stick-meta":"","header-main-stick-meta":"","header-below-stick-meta":"","astra-migrate-meta-layouts":"set","ast-page-background-enabled":"default","ast-page-background-meta":{"desktop":{"background-color":"var(--ast-global-color-4)","background-image":"","background-repeat":"repeat","background-position":"center center","background-size":"auto","background-attachment":"scroll","background-type":"","background-media":"","overlay-type":"","overlay-color":"","overlay-opacity":"","overlay-gradient":""},"tablet":{"background-color":"","background-image":"","background-repeat":"repeat","background-position":"center center","background-size":"auto","background-attachment":"scroll","background-type":"","background-media":"","overlay-type":"","overlay-color":"","overlay-opacity":"","overlay-gradient":""},"mobile":{"background-color":"","background-image":"","background-repeat":"repeat","background-position":"center center","background-size":"auto","background-attachment":"scroll","background-type":"","background-media":"","overlay-type":"","overlay-color":"","overlay-opacity":"","overlay-gradient":""}},"ast-content-background-meta":{"desktop":{"background-color":"var(--ast-global-color-5)","background-image":"","background-repeat":"repeat","background-position":"center center","background-size":"auto","background-attachment":"scroll","background-type":"","background-media":"","overlay-type":"","overlay-color":"","overlay-opacity":"","overlay-gradient":""},"tablet":{"background-color":"var(--ast-global-color-5)","background-image":"","background-repeat":"repeat","background-position":"center center","background-size":"auto","background-attachment":"scroll","background-type":"","background-media":"","overlay-type":"","overlay-color":"","overlay-opacity":"","overlay-gradient":""},"mobile":{"background-color":"var(--ast-global-color-5)","background-image":"","background-repeat":"repeat","background-position":"center center","background-size":"auto","background-attachment":"scroll","background-type":"","background-media":"","overlay-type":"","overlay-color":"","overlay-opacity":"","overlay-gradient":""}}},"product_brand":[],"product_cat":[42,21],"product_tag":[],"class_list":{"0":"post-227","1":"product","2":"type-product","3":"status-publish","4":"has-post-thumbnail","6":"product_cat-home-services","7":"product_cat-pro-servicios","8":"desktop-align-left","9":"tablet-align-left","10":"mobile-align-left","11":"ast-product-gallery-layout-horizontal-slider","12":"ast-product-gallery-with-no-image","13":"ast-product-tabs-layout-horizontal","15":"first","16":"instock","17":"featured","18":"shipping-taxable","19":"purchasable","20":"product-type-simple"},"_links":{"self":[{"href":"https:\/\/igot.city\/index.php\/wp-json\/wp\/v2\/product\/227","targetHints":{"allow":["GET"]}}],"collection":[{"href":"https:\/\/igot.city\/index.php\/wp-json\/wp\/v2\/product"}],"about":[{"href":"https:\/\/igot.city\/index.php\/wp-json\/wp\/v2\/types\/product"}],"replies":[{"embeddable":true,"href":"https:\/\/igot.city\/index.php\/wp-json\/wp\/v2\/comments?post=227"}],"wp:featuredmedia":[{"embeddable":true,"href":"https:\/\/igot.city\/index.php\/wp-json\/wp\/v2\/media\/228"}],"wp:attachment":[{"href":"https:\/\/igot.city\/index.php\/wp-json\/wp\/v2\/media?parent=227"}],"wp:term":[{"taxonomy":"product_brand","embeddable":true,"href":"https:\/\/igot.city\/index.php\/wp-json\/wp\/v2\/product_brand?post=227"},{"taxonomy":"product_cat","embeddable":true,"href":"https:\/\/igot.city\/index.php\/wp-json\/wp\/v2\/product_cat?post=227"},{"taxonomy":"product_tag","embeddable":true,"href":"https:\/\/igot.city\/index.php\/wp-json\/wp\/v2\/product_tag?post=227"}],"curies":[{"name":"wp","href":"https:\/\/api.w.org\/{rel}","templated":true}]}}